{"id":1549,"date":"2013-03-11T13:55:11","date_gmt":"2013-03-11T12:55:11","guid":{"rendered":"http:\/\/s681506457.mialojamiento.es\/?page_id=1549"},"modified":"2024-10-05T08:15:50","modified_gmt":"2024-10-05T07:15:50","slug":"extintores-ruiz-seguridad-c-b","status":"publish","type":"page","link":"http:\/\/amt-taxi.com\/?page_id=1549","title":{"rendered":"Extintores Ru\u00edz Seguridad C.B."},"content":{"rendered":"<p>AMT ha cerrado un acuerdo comercial con\u00a0 <strong>Extintores Ru\u00edz Seguridad CB<\/strong>.<\/p>\n<p>Dentro del acuerdo se contempla la revisi\u00f3n anual o retimbrado del extintor, as\u00ed como el certificado oficial del mismo.<\/p>\n<p><em><strong>Para comodidad de todos nuestros socios pueden dejan sus extintores en nuestra oficina de la calle San Mario, 14 donde les dejaremos uno de reposici\u00f3n mientras se realiza la revisi\u00f3n. Una vez finalizada la revisi\u00f3n y tengamos de nuevo su extintor le llamaremos para que pueda pasar a recogerlo junto con el certificado oficial<\/strong><\/em>.<\/p>\n\n\n<p><a href=\"http:\/\/amt-taxi.com\/wp-content\/uploads\/2013\/03\/PROPAGANDA-CARTEL-2013-e1639332716360.jpg\"><img fetchpriority=\"high\" decoding=\"async\" class=\"aligncenter wp-image-1486 size-large\" src=\"http:\/\/amt-taxi.com\/wp-content\/uploads\/2013\/03\/PROPAGANDA-CARTEL-2013-e1639332716360-1024x637.jpg\" alt=\"\" width=\"695\" height=\"432\" srcset=\"http:\/\/amt-taxi.com\/wp-content\/uploads\/2013\/03\/PROPAGANDA-CARTEL-2013-e1639332716360-1024x637.jpg 1024w, http:\/\/amt-taxi.com\/wp-content\/uploads\/2013\/03\/PROPAGANDA-CARTEL-2013-e1639332716360-300x187.jpg 300w, http:\/\/amt-taxi.com\/wp-content\/uploads\/2013\/03\/PROPAGANDA-CARTEL-2013-e1639332716360-768x478.jpg 768w, http:\/\/amt-taxi.com\/wp-content\/uploads\/2013\/03\/PROPAGANDA-CARTEL-2013-e1639332716360.jpg 1122w\" sizes=\"(max-width: 695px) 100vw, 695px\" \/><\/a><\/p>\n","protected":false},"excerpt":{"rendered":"<p>AMT ha cerrado un acuerdo comercial con\u00a0 Extintores Ru\u00edz Seguridad CB. Dentro del acuerdo se contempla la revisi\u00f3n anual o retimbrado del extintor, as\u00ed como&hellip;<\/p>\n","protected":false},"author":4,"featured_media":1486,"parent":1464,"menu_order":0,"comment_status":"closed","ping_status":"open","template":"page-templates\/full-width.php","meta":{"footnotes":""},"class_list":["post-1549","page","type-page","status-publish","has-post-thumbnail","hentry"],"_links":{"self":[{"href":"http:\/\/amt-taxi.com\/index.php?rest_route=\/wp\/v2\/pages\/1549","targetHints":{"allow":["GET"]}}],"collection":[{"href":"http:\/\/amt-taxi.com\/index.php?rest_route=\/wp\/v2\/pages"}],"about":[{"href":"http:\/\/amt-taxi.com\/index.php?rest_route=\/wp\/v2\/types\/page"}],"author":[{"embeddable":true,"href":"http:\/\/amt-taxi.com\/index.php?rest_route=\/wp\/v2\/users\/4"}],"replies":[{"embeddable":true,"href":"http:\/\/amt-taxi.com\/index.php?rest_route=%2Fwp%2Fv2%2Fcomments&post=1549"}],"version-history":[{"count":6,"href":"http:\/\/amt-taxi.com\/index.php?rest_route=\/wp\/v2\/pages\/1549\/revisions"}],"predecessor-version":[{"id":3444,"href":"http:\/\/amt-taxi.com\/index.php?rest_route=\/wp\/v2\/pages\/1549\/revisions\/3444"}],"up":[{"embeddable":true,"href":"http:\/\/amt-taxi.com\/index.php?rest_route=\/wp\/v2\/pages\/1464"}],"wp:featuredmedia":[{"embeddable":true,"href":"http:\/\/amt-taxi.com\/index.php?rest_route=\/wp\/v2\/media\/1486"}],"wp:attachment":[{"href":"http:\/\/amt-taxi.com\/index.php?rest_route=%2Fwp%2Fv2%2Fmedia&parent=1549"}],"curies":[{"name":"wp","href":"https:\/\/api.w.org\/{rel}","templated":true}]}}