{"id":1561,"date":"2013-03-11T17:49:58","date_gmt":"2013-03-11T16:49:58","guid":{"rendered":"http:\/\/s681506457.mialojamiento.es\/?page_id=1561"},"modified":"2024-10-07T09:26:46","modified_gmt":"2024-10-07T08:26:46","slug":"diez-gomez-asociados","status":"publish","type":"page","link":"http:\/\/amt-taxi.com\/?page_id=1561","title":{"rendered":"Meridais Abogados"},"content":{"rendered":"\n<figure class=\"wp-block-gallery alignright has-nested-images columns-default is-cropped wp-block-gallery-2 is-layout-flex wp-block-gallery-is-layout-flex\">\n<figure class=\"wp-block-image size-large\"><a href=\"http:\/\/s681506457.mialojamiento.es\/wp-content\/uploads\/2013\/03\/mazo05.jpg\"><img fetchpriority=\"high\" decoding=\"async\" width=\"450\" height=\"300\" data-id=\"1560\" src=\"http:\/\/amt-taxi.com\/wp-content\/uploads\/2013\/03\/mazo05.jpg\" alt=\"mazo05\" class=\"wp-image-1560\" srcset=\"http:\/\/amt-taxi.com\/wp-content\/uploads\/2013\/03\/mazo05.jpg 450w, http:\/\/amt-taxi.com\/wp-content\/uploads\/2013\/03\/mazo05-300x200.jpg 300w\" sizes=\"(max-width: 450px) 100vw, 450px\" \/><\/a><\/figure>\n\n\n\n<figure class=\"wp-block-image size-large\"><a href=\"http:\/\/amt-taxi.com\/wp-content\/uploads\/2024\/10\/Logo-Abogados-Meridais.png\"><img decoding=\"async\" width=\"1024\" height=\"597\" data-id=\"3458\" src=\"http:\/\/amt-taxi.com\/wp-content\/uploads\/2024\/10\/Logo-Abogados-Meridais-1024x597.png\" alt=\"\" class=\"wp-image-3458\" srcset=\"http:\/\/amt-taxi.com\/wp-content\/uploads\/2024\/10\/Logo-Abogados-Meridais-1024x597.png 1024w, http:\/\/amt-taxi.com\/wp-content\/uploads\/2024\/10\/Logo-Abogados-Meridais-300x175.png 300w, http:\/\/amt-taxi.com\/wp-content\/uploads\/2024\/10\/Logo-Abogados-Meridais-768x448.png 768w, http:\/\/amt-taxi.com\/wp-content\/uploads\/2024\/10\/Logo-Abogados-Meridais-1536x896.png 1536w, http:\/\/amt-taxi.com\/wp-content\/uploads\/2024\/10\/Logo-Abogados-Meridais-2048x1195.png 2048w\" sizes=\"(max-width: 1024px) 100vw, 1024px\" \/><\/a><\/figure>\n<\/figure>\n\n\n\n<p><\/p>\n\n\n\n<p>Los asociados podr\u00e1n beneficiarse del acuerdo comercial suscrito con el despacho de abogados que dirige nuestro letrado David Ayuso Bartolom\u00e9 \u2013 sito en la Calle Hortaleza n\u00ba 108, 2\u00ba Dcha de Madrid.<\/p>\n\n\n\n<p>El letrado director del despacho es especialista en derecho laboral y de la seguridad social, pudiendo consultarle gratuitamente asuntos jur\u00eddico laborales relativos a la relaci\u00f3n contractual con vuestros trabajadores.<\/p>\n\n\n\n<p>Tambi\u00e9n en su caso el despacho ofrece servicios de asesor\u00eda jur\u00eddica en materia civil, familia, penal y contencioso administrativo (1\u00aa consulta gratuita) con los profesionales especializados en cada materia.<\/p>\n\n\n\n<p>El acuerdo incluye la aplicaci\u00f3n de precios preferenciales a asociados en las materias indicadas entre los que se encuentran la asistencia gratuita al SMAC o defensa&nbsp; a un precio fijo inicial y un porcentaje final de exito en procedimientos de la jurisdicci\u00f3n social, as\u00ed como&nbsp; reducciones en la tarifa habitual del despacho de un 30% sobre los criterios orientadores de honorarios del colegio de abogados de Madrid en materias diferentes a la laboral.<\/p>\n\n\n\n<p>&nbsp;<\/p>\n\n\n\n<p><a href=\"http:\/\/www.meridaisabogados.com\">www.meridaisabogados.com<\/a><\/p>\n\n\n\n<h2 class=\"wp-block-heading\"><span style=\"color: #0000ff;\"><strong>Para poder beneficiarse de este acuerdo comercial es indispensable pedir cita en nuestra asociaci\u00f3n para poder ser atendidos por el bufete.<\/strong><\/span><\/h2>\n","protected":false},"excerpt":{"rendered":"<p>Los asociados podr\u00e1n beneficiarse del acuerdo comercial suscrito con el despacho de abogados que dirige nuestro letrado David Ayuso Bartolom\u00e9 \u2013 sito en la Calle&hellip;<\/p>\n","protected":false},"author":4,"featured_media":0,"parent":1464,"menu_order":1,"comment_status":"closed","ping_status":"open","template":"","meta":{"footnotes":""},"class_list":["post-1561","page","type-page","status-publish","hentry"],"_links":{"self":[{"href":"http:\/\/amt-taxi.com\/index.php?rest_route=\/wp\/v2\/pages\/1561","targetHints":{"allow":["GET"]}}],"collection":[{"href":"http:\/\/amt-taxi.com\/index.php?rest_route=\/wp\/v2\/pages"}],"about":[{"href":"http:\/\/amt-taxi.com\/index.php?rest_route=\/wp\/v2\/types\/page"}],"author":[{"embeddable":true,"href":"http:\/\/amt-taxi.com\/index.php?rest_route=\/wp\/v2\/users\/4"}],"replies":[{"embeddable":true,"href":"http:\/\/amt-taxi.com\/index.php?rest_route=%2Fwp%2Fv2%2Fcomments&post=1561"}],"version-history":[{"count":8,"href":"http:\/\/amt-taxi.com\/index.php?rest_route=\/wp\/v2\/pages\/1561\/revisions"}],"predecessor-version":[{"id":3459,"href":"http:\/\/amt-taxi.com\/index.php?rest_route=\/wp\/v2\/pages\/1561\/revisions\/3459"}],"up":[{"embeddable":true,"href":"http:\/\/amt-taxi.com\/index.php?rest_route=\/wp\/v2\/pages\/1464"}],"wp:attachment":[{"href":"http:\/\/amt-taxi.com\/index.php?rest_route=%2Fwp%2Fv2%2Fmedia&parent=1561"}],"curies":[{"name":"wp","href":"https:\/\/api.w.org\/{rel}","templated":true}]}}