{"id":18,"date":"2010-06-02T12:27:34","date_gmt":"2010-06-02T12:27:34","guid":{"rendered":"http:\/\/www.pilarbermejoarce.com\/aemt\/?page_id=18"},"modified":"2026-01-25T10:31:09","modified_gmt":"2026-01-25T09:31:09","slug":"descargas","status":"publish","type":"page","link":"http:\/\/amt-taxi.com\/?page_id=18","title":{"rendered":"Descargas de Documentos"},"content":{"rendered":"<p style=\"text-align: center;\"><strong><br \/><a href=\"http:\/\/s681506457.mialojamiento.es\/wp-content\/uploads\/2013\/03\/pdf.jpg\"><img decoding=\"async\" class=\"alignright size-thumbnail wp-image-1683\" src=\"http:\/\/s681506457.mialojamiento.es\/wp-content\/uploads\/2013\/03\/pdf-150x150.jpg\" alt=\"Pdf\" width=\"150\" height=\"150\" srcset=\"http:\/\/amt-taxi.com\/wp-content\/uploads\/2013\/03\/pdf-150x150.jpg 150w, http:\/\/amt-taxi.com\/wp-content\/uploads\/2013\/03\/pdf.jpg 200w\" sizes=\"(max-width: 150px) 100vw, 150px\" \/><\/a>En esta secci\u00f3n podr\u00e1 descargarse todos los documentos relacionados con la asociaci\u00f3n y el taxi en general en formato PDF.<\/strong><\/p>\n<p>Si no tiene el programa para visualizarlos lo puede descargar pinchando <a title=\"Acrobat Reader\" href=\"http:\/\/get.adobe.com\/es\/reader\/\" target=\"_blank\" rel=\"noopener noreferrer\">aqu\u00ed<\/a>.<\/p>\n<p style=\"text-align: center;\"><img decoding=\"async\" class=\"aligncenter wp-image-3250 size-medium\" src=\"http:\/\/amt-taxi.com\/wp-content\/uploads\/2021\/12\/logo-AMTNUEVO-300x108.png\" alt=\"\" width=\"300\" height=\"108\" srcset=\"http:\/\/amt-taxi.com\/wp-content\/uploads\/2021\/12\/logo-AMTNUEVO-300x108.png 300w, http:\/\/amt-taxi.com\/wp-content\/uploads\/2021\/12\/logo-AMTNUEVO.png 518w\" sizes=\"(max-width: 300px) 100vw, 300px\" \/><\/p>\n<ul>\n<li>\n<h4 style=\"text-align: left;\"><span style=\"color: #0000ff;\"><a title=\"Inscripcion socio AMT\" href=\"http:\/\/amt-taxi.com\/wp-content\/uploads\/2021\/12\/AMT-Inscripcion-Nuevo-iban.pdf\" target=\"_blank\" rel=\"noopener noreferrer\"><span style=\"color: #0000ff;\">Ficha de inscripci\u00f3n\u00a0Socio AMT<\/span><\/a>\u00a0\u00a0\u00a0\u00a0\u00a0<\/span><\/h4>\n<\/li>\n<li>\n<h4 style=\"text-align: left;\"><span style=\"color: #0000ff;\"><a href=\"http:\/\/amt-taxi.com\/wp-content\/uploads\/2021\/12\/AMT-Cesion-Derechos.pdf\" target=\"_blank\" rel=\"noopener noreferrer\"><span style=\"color: #0000ff;\">Cesi\u00f3n Representaci\u00f3n V.T.<\/span><\/a>\u00a0 \u00a0 \u00a0 \u00a0<\/span><span style=\"color: #0000ff;\">\u00a0\u00a0<\/span><\/h4>\n<\/li>\n<\/ul>\n<p style=\"text-align: center;\"><a href=\"http:\/\/amt-taxi.com\/wp-content\/uploads\/2026\/01\/Logo-nuevo-ayuntamiento.jpg\"><img decoding=\"async\" class=\"aligncenter wp-image-3517 size-medium\" src=\"http:\/\/amt-taxi.com\/wp-content\/uploads\/2026\/01\/Logo-nuevo-ayuntamiento-300x136.jpg\" alt=\"\" width=\"300\" height=\"136\" srcset=\"http:\/\/amt-taxi.com\/wp-content\/uploads\/2026\/01\/Logo-nuevo-ayuntamiento-300x136.jpg 300w, http:\/\/amt-taxi.com\/wp-content\/uploads\/2026\/01\/Logo-nuevo-ayuntamiento-1024x463.jpg 1024w, http:\/\/amt-taxi.com\/wp-content\/uploads\/2026\/01\/Logo-nuevo-ayuntamiento-768x347.jpg 768w, http:\/\/amt-taxi.com\/wp-content\/uploads\/2026\/01\/Logo-nuevo-ayuntamiento-1536x695.jpg 1536w, http:\/\/amt-taxi.com\/wp-content\/uploads\/2026\/01\/Logo-nuevo-ayuntamiento-2048x927.jpg 2048w\" sizes=\"(max-width: 300px) 100vw, 300px\" \/><\/a><\/p>\n<ul>\n<li><strong><span style=\"color: #0000ff;\"><a href=\"http:\/\/amt-taxi.com\/wp-content\/uploads\/2021\/12\/Documentos-a-bordo-taxi.pdf\" target=\"_blank\" rel=\"noopener noreferrer\"><span style=\"color: #0000ff;\">Documentaci\u00f3n obligatoria que debe llevar un Taxi<\/span><\/a><\/span><\/strong><\/li>\n<li>\n<div style=\"text-align: left;\"><a href=\"http:\/\/amt-taxi.com\/wp-content\/uploads\/2026\/01\/TAXI_Modelo_Vehiculos.pdf\" target=\"_blank\" rel=\"noopener\"><strong><span style=\"color: #0000ff;\"><span style=\"color: #0000ff;\">Relaci\u00f3n veh\u00edculos autorizados Enero 2026<\/span><\/span><\/strong><\/a><\/div>\n<\/li>\n<li>\n<div style=\"text-align: left;\"><a href=\"http:\/\/amt-taxi.com\/wp-content\/uploads\/2021\/11\/Ordenanzas-Taxi-Y-Anexo-Refundida-2021-AMT.pdf\" target=\"_blank\" rel=\"noopener\"><strong><span style=\"color: #0000ff;\"><span style=\"color: #0000ff;\">Ordenanza Municipal 2012 (Actualizaci\u00f3n 2021)<\/span><\/span><\/strong><\/a><\/div>\n<\/li>\n<li>\n<div style=\"text-align: left;\"><strong><span style=\"color: #0000ff;\"><a href=\"http:\/\/amt-taxi.com\/wp-content\/uploads\/2026\/01\/Municipios-APC.pdf\" target=\"_blank\" rel=\"noopener noreferrer\"><span style=\"color: #0000ff;\">Municipios \u00e1rea de Prestaci\u00f3n Conjunta Junio 2024<\/span><\/a><\/span><\/strong><\/div>\n<\/li>\n<li>\n<div style=\"text-align: left;\"><strong><span style=\"color: #0000ff;\"><a href=\"http:\/\/amt-taxi.com\/wp-content\/uploads\/2021\/12\/APC-Plano-Limites-28052021.pdf\" target=\"_blank\" rel=\"noopener noreferrer\"><span style=\"color: #0000ff;\">Plano \u00e1rea de Prestaci\u00f3n Conjunta<\/span><\/a><\/span><\/strong><\/div>\n<\/li>\n<li>\n<div style=\"text-align: left;\"><strong><span style=\"color: #0000ff;\"><a href=\"http:\/\/amt-taxi.com\/wp-content\/uploads\/2022\/02\/Revista-2022.jpg\" target=\"_blank\" rel=\"noopener noreferrer\"><span style=\"color: #0000ff;\">Calendario Revisi\u00f3n Administrativa Anual 2022<\/span><\/a><\/span><\/strong><\/div>\n<\/li>\n<li>\n<div style=\"text-align: left;\"><a href=\"http:\/\/amt-taxi.com\/wp-content\/uploads\/2026\/01\/Calendario-2026.pdf\" target=\"_blank\" rel=\"noopener\"><strong><span style=\"color: #0000ff;\">Calendario Libranzas 2026<\/span><\/strong><\/a><\/div>\n<\/li>\n<li>\n<div style=\"text-align: left;\"><a href=\"http:\/\/amt-taxi.com\/wp-content\/uploads\/2026\/01\/Tarifas-Taxi-Madrid-Ano-2026.pdf\" target=\"_blank\" rel=\"noopener\"><strong><span style=\"color: #0000ff;\"><span style=\"color: #0000ff;\">Tarifas Oficiales 2026<\/span><\/span><\/strong><\/a><\/div>\n<\/li>\n<li><strong><span style=\"color: #0000ff;\"><a style=\"color: #0000ff;\" title=\"Ficha T\u00e9cnica Veh\u00edculos Autorizados\" href=\"http:\/\/amt-taxi.com\/?page_id=2368\">Fichas\u00a0Municipales Veh\u00edculos Autorizados<\/a><\/span><\/strong><\/li>\n<\/ul>\n<h3 style=\"text-align: left;\">\u00a0<\/h3>\n<h3 style=\"text-align: left;\"><img loading=\"lazy\" decoding=\"async\" class=\"aligncenter wp-image-3241 size-medium\" src=\"http:\/\/amt-taxi.com\/wp-content\/uploads\/2021\/12\/comunidad-de-madrid-logo-vector-300x167.png\" alt=\"\" width=\"300\" height=\"167\" srcset=\"http:\/\/amt-taxi.com\/wp-content\/uploads\/2021\/12\/comunidad-de-madrid-logo-vector-300x167.png 300w, http:\/\/amt-taxi.com\/wp-content\/uploads\/2021\/12\/comunidad-de-madrid-logo-vector-768x427.png 768w, http:\/\/amt-taxi.com\/wp-content\/uploads\/2021\/12\/comunidad-de-madrid-logo-vector.png 900w\" sizes=\"(max-width: 300px) 100vw, 300px\" \/><\/h3>\n<ul>\n<li><strong><span style=\"color: #0000ff;\"><a href=\"http:\/\/amt-taxi.com\/wp-content\/uploads\/2026\/01\/Reglamento-Refundido-2023.pdf\" target=\"_blank\" rel=\"noopener noreferrer\"><span style=\"color: #0000ff;\">Reglamento Auton\u00f3mico 2005 (Refundido 2023)<\/span><\/a><\/span><\/strong><\/li>\n<li><span style=\"color: #0000ff;\"><strong><a href=\"http:\/\/amt-taxi.com\/wp-content\/uploads\/2010\/06\/Ley-de-Ordenaci\u00f3n-y-Coordinaci\u00f3n-de-los-Transportes-Urbanos-de-la-Comunidad-de-Madrid.pdf\" target=\"_blank\" rel=\"noopener noreferrer\"><span style=\"color: #0000ff;\">Ley de Ordenaci\u00f3n y Coordinaci\u00f3n de los Transportes Urbanos de la Comunidad de Madrid<\/span><\/a><\/strong><\/span><\/li>\n<li><a href=\"http:\/\/amt-taxi.com\/wp-content\/uploads\/2020\/12\/Mod.-Hoja-reclamaciones.pdf\" target=\"_blank\" rel=\"noopener\"><span style=\"color: #0000ff;\"><strong>Hojas de Reclamaciones<\/strong><\/span><\/a><\/li>\n<\/ul>\n<p style=\"text-align: center;\"><img loading=\"lazy\" decoding=\"async\" class=\"aligncenter wp-image-3247 size-medium\" src=\"http:\/\/amt-taxi.com\/wp-content\/uploads\/2021\/12\/logo-vector-aena-300x152.png\" alt=\"\" width=\"300\" height=\"152\" srcset=\"http:\/\/amt-taxi.com\/wp-content\/uploads\/2021\/12\/logo-vector-aena-300x152.png 300w, http:\/\/amt-taxi.com\/wp-content\/uploads\/2021\/12\/logo-vector-aena.png 630w\" sizes=\"(max-width: 300px) 100vw, 300px\" \/><\/p>\n<ul>\n<li><a href=\"http:\/\/amt-taxi.com\/wp-content\/uploads\/2019\/02\/Compa\u00f1ias-Aereas.pdf\" target=\"_blank\" rel=\"noopener noreferrer\"><span style=\"color: #0000ff;\"><strong><span style=\"color: #0000ff;\">Relaci\u00f3n de Compa\u00f1\u00edas A\u00e9reas-Terminales aeropuerto Adolfo Suarez Madrid-Barajas<\/span><\/strong><\/span><\/a><\/li>\n<\/ul>\n<p style=\"text-align: center;\"><img loading=\"lazy\" decoding=\"async\" class=\"aligncenter wp-image-3248 size-medium\" src=\"http:\/\/amt-taxi.com\/wp-content\/uploads\/2021\/12\/Logo-Ifema-300x228.jpg\" alt=\"\" width=\"300\" height=\"228\" srcset=\"http:\/\/amt-taxi.com\/wp-content\/uploads\/2021\/12\/Logo-Ifema-300x228.jpg 300w, http:\/\/amt-taxi.com\/wp-content\/uploads\/2021\/12\/Logo-Ifema-1024x779.jpg 1024w, http:\/\/amt-taxi.com\/wp-content\/uploads\/2021\/12\/Logo-Ifema-768x584.jpg 768w, http:\/\/amt-taxi.com\/wp-content\/uploads\/2021\/12\/Logo-Ifema.jpg 1106w\" sizes=\"(max-width: 300px) 100vw, 300px\" \/><\/p>\n<ul>\n<li>\n<h4><a href=\"https:\/\/www.ifema.es\/calendario\" target=\"_blank\" rel=\"noopener noreferrer\"><span style=\"color: #0000ff;\"><span style=\"color: #0000ff;\">Calendario eventos Ifema<\/span><\/span><\/a><\/h4>\n<div style=\"text-align: left;\">\u00a0<\/div>\n<\/li>\n<\/ul>\n<p style=\"text-align: center;\"><img loading=\"lazy\" decoding=\"async\" class=\"alignnone wp-image-3323 size-medium\" src=\"http:\/\/amt-taxi.com\/wp-content\/uploads\/2021\/12\/Logotipo_del_Ministerio_de_Empleo_y_Seguridad_Social.svg_-2-300x84.png\" alt=\"\" width=\"300\" height=\"84\" srcset=\"http:\/\/amt-taxi.com\/wp-content\/uploads\/2021\/12\/Logotipo_del_Ministerio_de_Empleo_y_Seguridad_Social.svg_-2-300x84.png 300w, http:\/\/amt-taxi.com\/wp-content\/uploads\/2021\/12\/Logotipo_del_Ministerio_de_Empleo_y_Seguridad_Social.svg_-2-1024x286.png 1024w, http:\/\/amt-taxi.com\/wp-content\/uploads\/2021\/12\/Logotipo_del_Ministerio_de_Empleo_y_Seguridad_Social.svg_-2-768x215.png 768w, http:\/\/amt-taxi.com\/wp-content\/uploads\/2021\/12\/Logotipo_del_Ministerio_de_Empleo_y_Seguridad_Social.svg_-2.png 1280w\" sizes=\"(max-width: 300px) 100vw, 300px\" \/><\/p>\n<ul>\n<li>\n<h4><span style=\"color: #0000ff;\"><a href=\"http:\/\/amt-taxi.com\/wp-content\/uploads\/2013\/04\/Estatutos-Trabajador-Autonomo.pdf\" target=\"_blank\" rel=\"noopener noreferrer\"><span style=\"color: #0000ff;\">Estatutos del Trabajor Aut\u00f3nomo<\/span><\/a><\/span><\/h4>\n<\/li>\n<\/ul>\n<h4><span style=\"color: #0000ff;\"><img loading=\"lazy\" decoding=\"async\" class=\"aligncenter wp-image-3326 size-medium\" src=\"http:\/\/amt-taxi.com\/wp-content\/uploads\/2021\/12\/1200px-Logotipo_del_Ministerio_de_Hacienda.svg_-300x95.png\" alt=\"\" width=\"300\" height=\"95\" srcset=\"http:\/\/amt-taxi.com\/wp-content\/uploads\/2021\/12\/1200px-Logotipo_del_Ministerio_de_Hacienda.svg_-300x95.png 300w, http:\/\/amt-taxi.com\/wp-content\/uploads\/2021\/12\/1200px-Logotipo_del_Ministerio_de_Hacienda.svg_-1024x323.png 1024w, http:\/\/amt-taxi.com\/wp-content\/uploads\/2021\/12\/1200px-Logotipo_del_Ministerio_de_Hacienda.svg_-768x242.png 768w, http:\/\/amt-taxi.com\/wp-content\/uploads\/2021\/12\/1200px-Logotipo_del_Ministerio_de_Hacienda.svg_.png 1200w\" sizes=\"(max-width: 300px) 100vw, 300px\" \/><\/span><\/h4>\n<ul>\n<li>\n<h4><span style=\"color: #0000ff;\"><a href=\"http:\/\/amt-taxi.com\/wp-content\/uploads\/2010\/06\/Ley-Omnibus.pdf\" target=\"_blank\" rel=\"noopener noreferrer\"><span style=\"color: #0000ff;\">Ley Omnibus<\/span><\/a><\/span><\/h4>\n<\/li>\n<\/ul>\n<h4><span style=\"color: #0000ff;\"><img loading=\"lazy\" decoding=\"async\" class=\"aligncenter wp-image-3327 size-medium\" src=\"http:\/\/amt-taxi.com\/wp-content\/uploads\/2021\/12\/1200px-DGT_logo.svg_-300x149.png\" alt=\"\" width=\"300\" height=\"149\" srcset=\"http:\/\/amt-taxi.com\/wp-content\/uploads\/2021\/12\/1200px-DGT_logo.svg_-300x149.png 300w, http:\/\/amt-taxi.com\/wp-content\/uploads\/2021\/12\/1200px-DGT_logo.svg_-1024x509.png 1024w, http:\/\/amt-taxi.com\/wp-content\/uploads\/2021\/12\/1200px-DGT_logo.svg_-768x381.png 768w, http:\/\/amt-taxi.com\/wp-content\/uploads\/2021\/12\/1200px-DGT_logo.svg_.png 1200w\" sizes=\"(max-width: 300px) 100vw, 300px\" \/><\/span><\/h4>\n<ul>\n<li>\n<h4><span style=\"color: #0000ff;\"><a style=\"color: #0000ff;\" href=\"https:\/\/sede.dgt.gob.es\/es\/permisos-de-conducir\/permiso-por-puntos\/consulta-de-puntos\/\" target=\"_blank\" rel=\"noopener\">Consulta de Puntos<\/a><\/span><\/h4>\n<\/li>\n<li>\n<h4><a href=\"https:\/\/sede.dgt.gob.es\/es\/multas\/identificacion-del-conductor-de-tu-vehiculo\/\" target=\"_blank\" rel=\"noopener\"><span style=\"color: #0000ff;\">SANCIONES. Identificacion de Conductor<\/span><\/a><\/h4>\n<\/li>\n<li>\n<h4><a href=\"https:\/\/sede.dgt.gob.es\/es\/multas\/pago-de-multas\/\" target=\"_blank\" rel=\"noopener\"><span style=\"color: #0000ff;\">SANCIONES. Pago de multas<\/span><\/a><\/h4>\n<\/li>\n<li>\n<h4><a href=\"http:\/\/amt-taxi.com\/wp-content\/uploads\/2021\/12\/BOE-020_Codigo_de_Trafico_y_Seguridad_Vial.pdf\" target=\"_blank\" rel=\"noopener\"><span style=\"color: #0000ff;\">C\u00f3digo Trafico y Seguridad Vial<\/span><\/a><\/h4>\n<\/li>\n<\/ul>\n\n","protected":false},"excerpt":{"rendered":"<p>En esta secci\u00f3n podr\u00e1 descargarse todos los documentos relacionados con la asociaci\u00f3n y el taxi en general en formato PDF. Si no tiene el programa&hellip;<\/p>\n","protected":false},"author":1,"featured_media":0,"parent":0,"menu_order":3,"comment_status":"closed","ping_status":"closed","template":"page-templates\/full-width.php","meta":{"footnotes":""},"class_list":["post-18","page","type-page","status-publish","hentry"],"_links":{"self":[{"href":"http:\/\/amt-taxi.com\/index.php?rest_route=\/wp\/v2\/pages\/18","targetHints":{"allow":["GET"]}}],"collection":[{"href":"http:\/\/amt-taxi.com\/index.php?rest_route=\/wp\/v2\/pages"}],"about":[{"href":"http:\/\/amt-taxi.com\/index.php?rest_route=\/wp\/v2\/types\/page"}],"author":[{"embeddable":true,"href":"http:\/\/amt-taxi.com\/index.php?rest_route=\/wp\/v2\/users\/1"}],"replies":[{"embeddable":true,"href":"http:\/\/amt-taxi.com\/index.php?rest_route=%2Fwp%2Fv2%2Fcomments&post=18"}],"version-history":[{"count":202,"href":"http:\/\/amt-taxi.com\/index.php?rest_route=\/wp\/v2\/pages\/18\/revisions"}],"predecessor-version":[{"id":3602,"href":"http:\/\/amt-taxi.com\/index.php?rest_route=\/wp\/v2\/pages\/18\/revisions\/3602"}],"wp:attachment":[{"href":"http:\/\/amt-taxi.com\/index.php?rest_route=%2Fwp%2Fv2%2Fmedia&parent=18"}],"curies":[{"name":"wp","href":"https:\/\/api.w.org\/{rel}","templated":true}]}}