{"id":2368,"date":"2015-02-04T22:40:28","date_gmt":"2015-02-04T21:40:28","guid":{"rendered":"http:\/\/s681506457.mialojamiento.es\/?page_id=2368"},"modified":"2026-01-15T20:32:01","modified_gmt":"2026-01-15T19:32:01","slug":"ficha-tecnica-vehiculos-autorizados","status":"publish","type":"page","link":"http:\/\/amt-taxi.com\/?page_id=2368","title":{"rendered":"Ficha Municipal Veh\u00edculos Autorizados"},"content":{"rendered":"<div id='gallery-1' class='gallery galleryid-2368 gallery-columns-5 gallery-size-thumbnail'><figure class='gallery-item'>\n\t\t\t<div class='gallery-icon landscape'>\n\t\t\t\t<img decoding=\"async\" width=\"150\" height=\"150\" src=\"http:\/\/amt-taxi.com\/wp-content\/uploads\/2017\/02\/Logo-Citroen-150x150.png\" class=\"attachment-thumbnail size-thumbnail\" alt=\"\" aria-describedby=\"gallery-1-2607\" srcset=\"http:\/\/amt-taxi.com\/wp-content\/uploads\/2017\/02\/Logo-Citroen-150x150.png 150w, http:\/\/amt-taxi.com\/wp-content\/uploads\/2017\/02\/Logo-Citroen-e1487495984575.png 50w\" sizes=\"(max-width: 150px) 100vw, 150px\" \/>\n\t\t\t<\/div>\n\t\t\t\t<figcaption class='wp-caption-text gallery-caption' id='gallery-1-2607'>\n\t\t\t\tCitroen\n\t\t\t\t<\/figcaption><\/figure><figure class='gallery-item'>\n\t\t\t<div class='gallery-icon landscape'>\n\t\t\t\t<img decoding=\"async\" width=\"120\" height=\"105\" src=\"http:\/\/amt-taxi.com\/wp-content\/uploads\/2019\/01\/Dacia-Logo-e1549707929397.png\" class=\"attachment-thumbnail size-thumbnail\" alt=\"\" aria-describedby=\"gallery-1-2716\" \/>\n\t\t\t<\/div>\n\t\t\t\t<figcaption class='wp-caption-text gallery-caption' id='gallery-1-2716'>\n\t\t\t\tDacia\n\t\t\t\t<\/figcaption><\/figure><figure class='gallery-item'>\n\t\t\t<div class='gallery-icon landscape'>\n\t\t\t\t<img decoding=\"async\" width=\"150\" height=\"150\" src=\"http:\/\/amt-taxi.com\/wp-content\/uploads\/2017\/02\/Logo-Fiat-150x150.png\" class=\"attachment-thumbnail size-thumbnail\" alt=\"\" aria-describedby=\"gallery-1-2608\" srcset=\"http:\/\/amt-taxi.com\/wp-content\/uploads\/2017\/02\/Logo-Fiat-150x150.png 150w, http:\/\/amt-taxi.com\/wp-content\/uploads\/2017\/02\/Logo-Fiat-e1487496056965.png 50w\" sizes=\"(max-width: 150px) 100vw, 150px\" \/>\n\t\t\t<\/div>\n\t\t\t\t<figcaption class='wp-caption-text gallery-caption' id='gallery-1-2608'>\n\t\t\t\tFiat\n\t\t\t\t<\/figcaption><\/figure><figure class='gallery-item'>\n\t\t\t<div class='gallery-icon landscape'>\n\t\t\t\t<img loading=\"lazy\" decoding=\"async\" width=\"120\" height=\"89\" src=\"http:\/\/amt-taxi.com\/wp-content\/uploads\/2017\/02\/Logo-Ford-e1549707698290.png\" class=\"attachment-thumbnail size-thumbnail\" alt=\"\" aria-describedby=\"gallery-1-2609\" \/>\n\t\t\t<\/div>\n\t\t\t\t<figcaption class='wp-caption-text gallery-caption' id='gallery-1-2609'>\n\t\t\t\tFod\n\t\t\t\t<\/figcaption><\/figure><figure class='gallery-item'>\n\t\t\t<div class='gallery-icon landscape'>\n\t\t\t\t<img loading=\"lazy\" decoding=\"async\" width=\"150\" height=\"150\" src=\"http:\/\/amt-taxi.com\/wp-content\/uploads\/2020\/12\/descargar-150x150.jpg\" class=\"attachment-thumbnail size-thumbnail\" alt=\"\" aria-describedby=\"gallery-1-3168\" \/>\n\t\t\t<\/div>\n\t\t\t\t<figcaption class='wp-caption-text gallery-caption' id='gallery-1-3168'>\n\t\t\t\tHyundai\n\t\t\t\t<\/figcaption><\/figure><figure class='gallery-item'>\n\t\t\t<div class='gallery-icon landscape'>\n\t\t\t\t<img loading=\"lazy\" decoding=\"async\" width=\"150\" height=\"113\" src=\"http:\/\/amt-taxi.com\/wp-content\/uploads\/2019\/02\/Lexus-logo.png\" class=\"attachment-thumbnail size-thumbnail\" alt=\"\" aria-describedby=\"gallery-1-2739\" \/>\n\t\t\t<\/div>\n\t\t\t\t<figcaption class='wp-caption-text gallery-caption' id='gallery-1-2739'>\n\t\t\t\tLexus\n\t\t\t\t<\/figcaption><\/figure><figure class='gallery-item'>\n\t\t\t<div class='gallery-icon landscape'>\n\t\t\t\t<img loading=\"lazy\" decoding=\"async\" width=\"121\" height=\"94\" src=\"http:\/\/amt-taxi.com\/wp-content\/uploads\/2015\/01\/Mercedes-e1549707824680.jpg\" class=\"attachment-thumbnail size-thumbnail\" alt=\"\" aria-describedby=\"gallery-1-2332\" \/>\n\t\t\t<\/div>\n\t\t\t\t<figcaption class='wp-caption-text gallery-caption' id='gallery-1-2332'>\n\t\t\t\tMercedes\n\t\t\t\t<\/figcaption><\/figure><figure class='gallery-item'>\n\t\t\t<div class='gallery-icon landscape'>\n\t\t\t\t<img loading=\"lazy\" decoding=\"async\" width=\"120\" height=\"108\" src=\"http:\/\/amt-taxi.com\/wp-content\/uploads\/2017\/02\/Logo-Nissan-e1549707685961.png\" class=\"attachment-thumbnail size-thumbnail\" alt=\"\" aria-describedby=\"gallery-1-2610\" \/>\n\t\t\t<\/div>\n\t\t\t\t<figcaption class='wp-caption-text gallery-caption' id='gallery-1-2610'>\n\t\t\t\tNissan\n\t\t\t\t<\/figcaption><\/figure><figure class='gallery-item'>\n\t\t\t<div class='gallery-icon landscape'>\n\t\t\t\t<img loading=\"lazy\" decoding=\"async\" width=\"150\" height=\"150\" src=\"http:\/\/amt-taxi.com\/wp-content\/uploads\/2020\/12\/Peugeot-150x150.jpg\" class=\"attachment-thumbnail size-thumbnail\" alt=\"\" aria-describedby=\"gallery-1-3169\" \/>\n\t\t\t<\/div>\n\t\t\t\t<figcaption class='wp-caption-text gallery-caption' id='gallery-1-3169'>\n\t\t\t\tPeugeot\n\t\t\t\t<\/figcaption><\/figure><figure class='gallery-item'>\n\t\t\t<div class='gallery-icon landscape'>\n\t\t\t\t<img loading=\"lazy\" decoding=\"async\" width=\"120\" height=\"108\" src=\"http:\/\/amt-taxi.com\/wp-content\/uploads\/2019\/01\/Renault-logo-e1549707597948.png\" class=\"attachment-thumbnail size-thumbnail\" alt=\"\" aria-describedby=\"gallery-1-2717\" \/>\n\t\t\t<\/div>\n\t\t\t\t<figcaption class='wp-caption-text gallery-caption' id='gallery-1-2717'>\n\t\t\t\tRenault\n\t\t\t\t<\/figcaption><\/figure><figure class='gallery-item'>\n\t\t\t<div class='gallery-icon landscape'>\n\t\t\t\t<img loading=\"lazy\" decoding=\"async\" width=\"120\" height=\"96\" src=\"http:\/\/amt-taxi.com\/wp-content\/uploads\/2015\/01\/Seat-e1549707772720.png\" class=\"attachment-thumbnail size-thumbnail\" alt=\"\" aria-describedby=\"gallery-1-2333\" \/>\n\t\t\t<\/div>\n\t\t\t\t<figcaption class='wp-caption-text gallery-caption' id='gallery-1-2333'>\n\t\t\t\tSeat\n\t\t\t\t<\/figcaption><\/figure><figure class='gallery-item'>\n\t\t\t<div class='gallery-icon landscape'>\n\t\t\t\t<img loading=\"lazy\" decoding=\"async\" width=\"150\" height=\"150\" src=\"http:\/\/amt-taxi.com\/wp-content\/uploads\/2015\/10\/Logo-Skoda-150x150.png\" class=\"attachment-thumbnail size-thumbnail\" alt=\"\" aria-describedby=\"gallery-1-2475\" srcset=\"http:\/\/amt-taxi.com\/wp-content\/uploads\/2015\/10\/Logo-Skoda-150x150.png 150w, http:\/\/amt-taxi.com\/wp-content\/uploads\/2015\/10\/Logo-Skoda-e1487496282846.png 50w\" sizes=\"(max-width: 150px) 100vw, 150px\" \/>\n\t\t\t<\/div>\n\t\t\t\t<figcaption class='wp-caption-text gallery-caption' id='gallery-1-2475'>\n\t\t\t\tSkoda\n\t\t\t\t<\/figcaption><\/figure><figure class='gallery-item'>\n\t\t\t<div class='gallery-icon landscape'>\n\t\t\t\t<img loading=\"lazy\" decoding=\"async\" width=\"150\" height=\"150\" src=\"http:\/\/amt-taxi.com\/wp-content\/uploads\/2019\/02\/Tesla-Logo-150x150.png\" class=\"attachment-thumbnail size-thumbnail\" alt=\"\" aria-describedby=\"gallery-1-2738\" srcset=\"http:\/\/amt-taxi.com\/wp-content\/uploads\/2019\/02\/Tesla-Logo-150x150.png 150w, http:\/\/amt-taxi.com\/wp-content\/uploads\/2019\/02\/Tesla-Logo-e1549707945396.png 120w\" sizes=\"(max-width: 150px) 100vw, 150px\" \/>\n\t\t\t<\/div>\n\t\t\t\t<figcaption class='wp-caption-text gallery-caption' id='gallery-1-2738'>\n\t\t\t\tTesla\n\t\t\t\t<\/figcaption><\/figure><figure class='gallery-item'>\n\t\t\t<div class='gallery-icon landscape'>\n\t\t\t\t<img loading=\"lazy\" decoding=\"async\" width=\"121\" height=\"82\" src=\"http:\/\/amt-taxi.com\/wp-content\/uploads\/2015\/01\/Toyota-e1549707785685.jpg\" class=\"attachment-thumbnail size-thumbnail\" alt=\"\" aria-describedby=\"gallery-1-2335\" \/>\n\t\t\t<\/div>\n\t\t\t\t<figcaption class='wp-caption-text gallery-caption' id='gallery-1-2335'>\n\t\t\t\tToyota\n\t\t\t\t<\/figcaption><\/figure><figure class='gallery-item'>\n\t\t\t<div class='gallery-icon landscape'>\n\t\t\t\t<img loading=\"lazy\" decoding=\"async\" width=\"120\" height=\"120\" src=\"http:\/\/amt-taxi.com\/wp-content\/uploads\/2015\/10\/lvolks-e1549707732875.png\" class=\"attachment-thumbnail size-thumbnail\" alt=\"\" aria-describedby=\"gallery-1-2480\" \/>\n\t\t\t<\/div>\n\t\t\t\t<figcaption class='wp-caption-text gallery-caption' id='gallery-1-2480'>\n\t\t\t\tVolkswagen\n\t\t\t\t<\/figcaption><\/figure>\n\t\t<\/div>\n\n<p><span style=\"color: #000000;\"><strong>Seleccione el modelo para poder consultar la ficha t\u00e9cnica municipal del veh\u00edculo selecciona<\/strong><\/span><\/p>\n<ul>\n<li><span style=\"color: #3366ff;\"><a style=\"color: #3366ff;\" href=\"http:\/\/amt-taxi.com\/wp-content\/uploads\/2015\/02\/F.-Tecnica-CITROEN-C-ELYSEE-eco-glv.pdf\" target=\"_blank\" rel=\"noopener\"><strong>Citro\u00ebn C-Elysee eco-glv<\/strong><\/a><\/span><\/li>\n<li><span style=\"color: #3366ff;\"><strong><a style=\"color: #3366ff;\" href=\"http:\/\/amt-taxi.com\/wp-content\/uploads\/2026\/01\/Ficha-Citroen-e-berlingo.pdf\">Citroen e Berlingo<\/a><\/strong><\/span><\/li>\n<li><a href=\"http:\/\/amt-taxi.com\/wp-content\/uploads\/2026\/01\/ficha-municipal-CITROEN-eC4X.pdf\"><span style=\"color: #3366ff;\"><strong>Citroen eC4X<\/strong><\/span><\/a><\/li>\n<li><a href=\"http:\/\/amt-taxi.com\/wp-content\/uploads\/2026\/01\/ficha-municipal-DACIA-JOGGER-2022.pdf\"><span style=\"color: #3366ff;\"><strong>Dacia Jogger 2022<\/strong><\/span><\/a><\/li>\n<li><span style=\"color: #3366ff;\"><a style=\"color: #3366ff;\" href=\"http:\/\/amt-taxi.com\/wp-content\/uploads\/2015\/02\/F.-Tecnica-Dacia-Lodgy.pdf\" target=\"_blank\" rel=\"noopener\"><strong>Dacia Lodgy<\/strong><\/a><\/span><\/li>\n<li><a href=\"http:\/\/amt-taxi.com\/wp-content\/uploads\/2026\/01\/ficha-municipal-DACIA-LOGAN-2021.pdf\"><span style=\"color: #3366ff;\"><strong>Dacia Logan 2021<\/strong><\/span><\/a><\/li>\n<li><a href=\"http:\/\/amt-taxi.com\/wp-content\/uploads\/2019\/02\/F.-Tecnica-Dacia-Logan-MCV-2017.pdf\"><span style=\"color: #3366ff;\"><strong>Dacia Logan MCV<\/strong><\/span><\/a><\/li>\n<li><a href=\"http:\/\/amt-taxi.com\/wp-content\/uploads\/2015\/06\/Ficha-municipal-FIAT-DOBLO.pdf\" target=\"_blank\" rel=\"noopener\"><strong><span style=\"color: #3366ff;\">Fiat Doblo Eurotaxi<\/span><\/strong><\/a><\/li>\n<li><a href=\"http:\/\/amt-taxi.com\/wp-content\/uploads\/2019\/02\/F.-Tecnica-Fiat-Doblo-GNC.pdf\"><strong><span style=\"color: #3366ff;\">Fiat Doblo GNC<\/span><\/strong><\/a><\/li>\n<li><a href=\"http:\/\/amt-taxi.com\/wp-content\/uploads\/2019\/02\/F.-Tecnica-Fiat-Talento-Eurotaxi.pdf\"><span style=\"color: #3366ff;\"><strong>Fiat Talento Eurotaxi<\/strong><\/span><\/a><\/li>\n<li><a href=\"http:\/\/amt-taxi.com\/wp-content\/uploads\/2017\/02\/F.-Tecnica-Fiat-Tipo-Sedan.pdf\" target=\"_blank\" rel=\"noopener\"><strong><span style=\"color: #3366ff;\">Fiat Tipo Sedan<\/span><\/strong><\/a><\/li>\n<li><a href=\"http:\/\/amt-taxi.com\/wp-content\/uploads\/2017\/02\/F.-Tecnica-Fiat-Tipo-Station-Wagon.pdf\" target=\"_blank\" rel=\"noopener\"><strong><span style=\"color: #3366ff;\">Fiat Tipo Station Wagon<\/span><\/strong><\/a><\/li>\n<li><span style=\"color: #3366ff;\"><strong><a style=\"color: #3366ff;\" href=\"http:\/\/amt-taxi.com\/wp-content\/uploads\/2020\/12\/Ficha-municipal-FORD-CONNECT-Eurotaxi.pdf\" target=\"_blank\" rel=\"noopener\">Ford Connect Eurotaxi<\/a><\/strong><\/span><\/li>\n<li><a href=\"http:\/\/amt-taxi.com\/wp-content\/uploads\/2026\/01\/FORD-Custom-2025.pdf\"><span style=\"color: #3366ff;\"><strong>Ford Custom 2025<\/strong><\/span><\/a><\/li>\n<li><a href=\"http:\/\/amt-taxi.com\/wp-content\/uploads\/2026\/01\/Ficha-Municipal-FORD-CUSTOM-BATALLA-CORTA.pdf\"><span style=\"color: #3366ff;\"><strong>Ford Custom Batalla Corta<\/strong><\/span><\/a><\/li>\n<li><a href=\"http:\/\/amt-taxi.com\/wp-content\/uploads\/2017\/02\/F.-Tecnica-Ford-Custom-Eurotaxi.pdf\" target=\"_blank\" rel=\"noopener\"><strong><span style=\"color: #3366ff;\">Ford Custom Eurotaxi<\/span><\/strong><\/a><\/li>\n<li><a href=\"http:\/\/amt-taxi.com\/wp-content\/uploads\/2026\/01\/ficha-municipal-FORD-MACH-e.pdf\"><span style=\"color: #3366ff;\"><strong>Ford Mach-e<\/strong><\/span><\/a><\/li>\n<li><a href=\"http:\/\/amt-taxi.com\/wp-content\/uploads\/2020\/12\/Ficha-municipal-FORD-MONDEO-HIBRIDO-2018.pdf\" target=\"_blank\" rel=\"noopener\"><strong><span style=\"color: #3366ff;\">Ford Mondeo Hibrido<\/span><\/strong><\/a><\/li>\n<li><strong><a href=\"http:\/\/amt-taxi.com\/wp-content\/uploads\/2020\/12\/Ficha-municipal-FORD-MONDEO-HIBRIDO-Station-Wagon.pdf\" target=\"_blank\" rel=\"noopener\"><span style=\"color: #3366ff;\">Ford Mondeo Hibrido Station Wagon<\/span><\/a><\/strong><\/li>\n<li><a href=\"http:\/\/amt-taxi.com\/wp-content\/uploads\/2020\/12\/Ficha-municipal-HYUNDAI-IONIQ-2020.pdf\" target=\"_blank\" rel=\"noopener\"><span style=\"color: #3366ff;\"><strong>Hyundai IONIQ<\/strong><\/span><\/a><\/li>\n<li><a href=\"http:\/\/amt-taxi.com\/wp-content\/uploads\/2026\/01\/Ficha-Autotaxi-Staria.pdf\"><span style=\"color: #3366ff;\"><strong>Hyundai Staria<\/strong><\/span><\/a><\/li>\n<li><a href=\"http:\/\/amt-taxi.com\/wp-content\/uploads\/2021\/12\/ficha-municipal-KIA-CEED-2021_v1.pdf\" target=\"_blank\" rel=\"noopener\"><span style=\"color: #3366ff;\"><strong>Kia CEED<\/strong><\/span><\/a><\/li>\n<li><a href=\"http:\/\/amt-taxi.com\/wp-content\/uploads\/2026\/01\/Kia-Niro-CERO-2024-v.1.pdf\"><span style=\"color: #3366ff;\"><strong>Kia Niro CERO 2024 v.1<\/strong><\/span><\/a><\/li>\n<li><a href=\"http:\/\/amt-taxi.com\/wp-content\/uploads\/2026\/01\/Kia-Niro-ECO-2024-v.1.pdf\"><span style=\"color: #3366ff;\"><strong>Kia Niro ECO 2024 v.1<\/strong><\/span><\/a><\/li>\n<li><a href=\"http:\/\/amt-taxi.com\/wp-content\/uploads\/2021\/12\/ficha-municipal-LEXUS-ES300h-2021.pdf\" target=\"_blank\" rel=\"noopener\"><strong><span style=\"color: #3366ff;\">Lexus ES300h<\/span><\/strong><\/a><\/li>\n<li><a href=\"http:\/\/amt-taxi.com\/wp-content\/uploads\/2020\/12\/Ficha-municipal-LEXUS-IS300h-2018.pdf\" target=\"_blank\" rel=\"noopener\"><span style=\"color: #3366ff;\"><strong>Lexus IS300h<\/strong><\/span><\/a><\/li>\n<li><a href=\"http:\/\/amt-taxi.com\/wp-content\/uploads\/2020\/12\/Ficha-municipal-MERCEDES-CLASE-E200-E300de-BERLINA.pdf\" target=\"_blank\" rel=\"noopener\"><span style=\"color: #3366ff;\"><strong>Mercedes Benz E200 E300 de Berlina (212)<\/strong><\/span><\/a><\/li>\n<li><a href=\"http:\/\/amt-taxi.com\/wp-content\/uploads\/2020\/12\/Ficha-municipal-MERCEDES-CLASE-E-E200-R1ES-FAMILIAR.pdf\" target=\"_blank\" rel=\"noopener\"><span style=\"color: #3366ff;\"><strong>Mercedes Benz E200 Familiar (R1ES)<\/strong><\/span><\/a><\/li>\n<li><a href=\"http:\/\/amt-taxi.com\/wp-content\/uploads\/2019\/02\/F.-Tecnica-Mercedes-Benz-Clase-V-Eurotaxi.pdf\"><strong><span style=\"color: #3366ff;\">Mercedes Benz Clase V220 Eurotaxi<\/span><\/strong><\/a><\/li>\n<li><a href=\"http:\/\/amt-taxi.com\/wp-content\/uploads\/2019\/02\/F.-Tecnica-Mercedes-Benz-Vito-Tourer-Eurotaxi.pdf\"><strong><span style=\"color: #3366ff;\">Mercedes Benz Vito Tourer Eurotaxi<\/span><\/strong><\/a><\/li>\n<li><strong><span style=\"color: #3366ff;\"><a style=\"color: #3366ff;\" href=\"http:\/\/amt-taxi.com\/wp-content\/uploads\/2015\/02\/F.-Tecnica-Nissan-eNV200.pdf\" target=\"_blank\" rel=\"noopener\">Nissan e-NV200<\/a><\/span><\/strong><\/li>\n<li><a href=\"http:\/\/amt-taxi.com\/wp-content\/uploads\/2017\/02\/F.-Tecnica-Nissan-e-NV200-7-Plazas.pdf\" target=\"_blank\" rel=\"noopener\"><strong><span style=\"color: #3366ff;\">Nissan e-NV 200 7 Plazas<\/span><\/strong><\/a><\/li>\n<li><span style=\"color: #3366ff;\"><a style=\"color: #3366ff;\" href=\"http:\/\/amt-taxi.com\/wp-content\/uploads\/2015\/02\/F.-Tecnica-Nissan-Leaf.pdf\" target=\"_blank\" rel=\"noopener\"><strong>Nissan Leaf<\/strong><\/a><\/span><\/li>\n<li><a href=\"http:\/\/amt-taxi.com\/wp-content\/uploads\/2020\/12\/Ficha-municipal-NISSAN-LEAF-40KWH.pdf\" target=\"_blank\" rel=\"noopener\"><span style=\"color: #3366ff;\"><strong>Nissan Leaf 40kWh<\/strong><\/span><\/a><\/li>\n<li><a href=\"http:\/\/amt-taxi.com\/wp-content\/uploads\/2026\/01\/Ficha-Municipal-Opel-Astra-ST-CERO.pdf\"><span style=\"color: #3366ff;\"><strong>Opel Astra ST CERO<\/strong><\/span><\/a><\/li>\n<li><a href=\"http:\/\/amt-taxi.com\/wp-content\/uploads\/2026\/01\/Ficha-Municipal-Opel-Astra-ST-ECO.pdf\"><span style=\"color: #3366ff;\"><strong>Opel Astra ST ECO<\/strong><\/span><\/a><\/li>\n<li><a href=\"http:\/\/amt-taxi.com\/wp-content\/uploads\/2026\/01\/Ficha-Autotaxi-Combo-e-LIfe.pdf\"><span style=\"color: #3366ff;\"><strong>Opel Combo e Life<\/strong><\/span><\/a><\/li>\n<li><a href=\"http:\/\/amt-taxi.com\/wp-content\/uploads\/2020\/12\/Ficha-municipal-PEUGEOT-508-BERLINA-2019.pdf\" target=\"_blank\" rel=\"noopener\"><span style=\"color: #3366ff;\"><strong>Peugeot 508 Berlina<\/strong><\/span><\/a><\/li>\n<li><a href=\"http:\/\/amt-taxi.com\/wp-content\/uploads\/2020\/12\/Ficha-municipal-PEUGEOT-508-SW-2019.pdf\" target=\"_blank\" rel=\"noopener\"><span style=\"color: #3366ff;\"><strong>Peugeot 508 SW<\/strong><\/span><\/a><\/li>\n<li><a href=\"http:\/\/amt-taxi.com\/wp-content\/uploads\/2026\/01\/Peugeot-e-Rifter.pdf\"><span style=\"color: #3366ff;\"><strong>Peugeot e Rifter<\/strong><\/span><\/a><\/li>\n<li><a href=\"http:\/\/amt-taxi.com\/wp-content\/uploads\/2026\/01\/Ficha-Municipal-CERO_Polestar-2.pdf\"><span style=\"color: #3366ff;\"><strong>Polestar 2<\/strong><\/span><\/a><\/li>\n<li><a href=\"http:\/\/amt-taxi.com\/wp-content\/uploads\/2026\/01\/26.04.2024.V1.FichaRenaultEspace.pdf\"><span style=\"color: #3366ff;\"><strong>Renault Espace<\/strong><\/span><\/a><\/li>\n<li><a href=\"http:\/\/amt-taxi.com\/wp-content\/uploads\/2020\/12\/FICHA-MUNICIPAL-RENAULT-KANGOO-TPMR.pdf\" target=\"_blank\" rel=\"noopener\"><span style=\"color: #3366ff;\"><strong>Renault Kangoo TPMR Eurotaxi<\/strong><\/span><\/a><\/li>\n<li><a href=\"http:\/\/amt-taxi.com\/wp-content\/uploads\/2021\/12\/ficha-municipal-RENAULT-MEGANE-HIBRIDO-2021.pdf\" target=\"_blank\" rel=\"noopener\"><strong><span style=\"color: #3366ff;\">Renault Megane Hibrido<\/span><\/strong><\/a><\/li>\n<li><a href=\"http:\/\/amt-taxi.com\/wp-content\/uploads\/2026\/01\/DT-Autotaxi-Renault-Rafale.pdf\"><span style=\"color: #3366ff;\"><strong>Renault Rafale<\/strong><\/span><\/a><\/li>\n<li><a href=\"http:\/\/amt-taxi.com\/wp-content\/uploads\/2026\/01\/Ficha-Municipal-Scenic-ETech.pdf\"><span style=\"color: #3366ff;\"><strong>Renault Scenic Etech<\/strong><\/span><\/a><\/li>\n<li><a href=\"http:\/\/amt-taxi.com\/wp-content\/uploads\/2020\/12\/Ficha-municipal-RENAULT-TRAFIC-EUROTAXI.pdf\" target=\"_blank\" rel=\"noopener\"><span style=\"color: #3366ff;\"><strong>Renault Trafic Eurotaxi<\/strong><\/span><\/a><\/li>\n<li><a href=\"http:\/\/amt-taxi.com\/wp-content\/uploads\/2015\/06\/Ficha-municipal-SEAT-LEON-ST.pdf\" target=\"_blank\" rel=\"noopener\"><span style=\"color: #3366ff;\"><strong>Seat le\u00f3n ST<\/strong><\/span><\/a><\/li>\n<li><a href=\"http:\/\/amt-taxi.com\/wp-content\/uploads\/2026\/01\/A.-ficha-municipal-SKODA-ENYAQ-2022.pdf\"><span style=\"color: #3366ff;\"><strong>Skoda Enyaq 2022<\/strong><\/span><\/a><\/li>\n<li><a href=\"http:\/\/amt-taxi.com\/wp-content\/uploads\/2020\/12\/Ficha-municipal-SKODA-OCTAVIA-2019.pdf\" target=\"_blank\" rel=\"noopener\"><span style=\"color: #3366ff;\"><strong>Skoda Octavia GNC<\/strong><\/span><\/a><\/li>\n<li><a href=\"http:\/\/amt-taxi.com\/wp-content\/uploads\/2026\/01\/ficha-municipal-SKODA-OCTAVIA-NX-2021.pdf\"><span style=\"color: #3366ff;\"><strong>Skoda Octavia NX 2021<\/strong><\/span><\/a><\/li>\n<li><a href=\"http:\/\/amt-taxi.com\/wp-content\/uploads\/2026\/01\/Korando-e-motion-CERO-Ficha.pdf\"><span style=\"color: #3366ff;\"><strong>Ssangyong Korando E-motion Cero<\/strong><\/span><\/a><\/li>\n<li><a href=\"http:\/\/amt-taxi.com\/wp-content\/uploads\/2020\/12\/Ficha-municipal-TESLA-MODEL-3-2020.pdf\" target=\"_blank\" rel=\"noopener\"><span style=\"color: #3366ff;\"><strong>Tesla Model 3<\/strong><\/span><\/a><\/li>\n<li><a href=\"http:\/\/amt-taxi.com\/wp-content\/uploads\/2020\/12\/Ficha-municipal-TESLA-MODEL-S.pdf\" target=\"_blank\" rel=\"noopener\"><span style=\"color: #3366ff;\"><strong>Tesla Model S<\/strong><\/span><\/a><\/li>\n<li><a href=\"http:\/\/amt-taxi.com\/wp-content\/uploads\/2026\/01\/ficha-municipal-TESLA-model-Y-2022.pdf\"><span style=\"color: #3366ff;\"><strong>Tesla Model Y 2022<\/strong><\/span><\/a><\/li>\n<li><a href=\"http:\/\/amt-taxi.com\/wp-content\/uploads\/2026\/01\/Ficha-Municipal-Toyota-bZ4X.pdf\"><span style=\"color: #3366ff;\"><strong>Toyota bZ4X<\/strong><\/span><\/a><\/li>\n<li><a href=\"http:\/\/amt-taxi.com\/wp-content\/uploads\/2026\/01\/ficha-municipal-TOYOTA-CAMRY-2021.pdf\"><span style=\"color: #3366ff;\"><strong>Toyota Camry 2021<\/strong><\/span><\/a><\/li>\n<li><a href=\"http:\/\/amt-taxi.com\/wp-content\/uploads\/2021\/12\/ficha-municipal-TOYOTA-COROLLA-SEDAN-2021.pdf\" target=\"_blank\" rel=\"noopener\"><strong><span style=\"color: #3366ff;\">Toyota Corolla Sedan<\/span><\/strong><\/a><\/li>\n<li><a href=\"http:\/\/amt-taxi.com\/wp-content\/uploads\/2026\/01\/Ficha-Municipal-TOYOTA-MIRAI-2022.pdf\"><span style=\"color: #3366ff;\"><strong>Toyota Mirai 2022<\/strong><\/span><\/a><\/li>\n<li><a href=\"http:\/\/amt-taxi.com\/wp-content\/uploads\/2020\/12\/Ficha-municipal-TOYOTA-PRIUS-PLUS-2015.pdf\" target=\"_blank\" rel=\"noopener\"><span style=\"color: #3366ff;\"><strong>Toyota prius Plus 2015<\/strong><\/span><\/a><\/li>\n<li><a href=\"http:\/\/amt-taxi.com\/wp-content\/uploads\/2020\/12\/Ficha-municipal-TOYOTA-PROACE-EUROTAXI.pdf\" target=\"_blank\" rel=\"noopener\"><span style=\"color: #3366ff;\"><strong>Toyota Proace Verso Eurotaxi<\/strong><\/span><\/a><\/li>\n<li><strong><span style=\"color: #3366ff;\"><a style=\"color: #3366ff;\" href=\"http:\/\/amt-taxi.com\/wp-content\/uploads\/2026\/01\/ficha-TOYOTA-PROACE-EUROMOBILITY-100_-ELECTRICA-abril-2022.pdf\">Toyota Proace Euromobility 100_ Electrica Abril 2022<\/a><\/span><\/strong><\/li>\n<li><a href=\"http:\/\/amt-taxi.com\/wp-content\/uploads\/2026\/01\/FICHA-TOYOTA-PROACE-Version-100_-electrica-2022.pdf\"><span style=\"color: #3366ff;\"><strong>Toyota Proace Version 100_ El\u00e9ctrica 2022<\/strong><\/span><\/a><\/li>\n<li><span style=\"color: #3366ff;\"><a style=\"color: #3366ff;\" href=\"http:\/\/amt-taxi.com\/wp-content\/uploads\/2017\/02\/F.-Tecnica-Volkswagen-Caddy-GNC-7-Plazas.pdf\"><strong>Volkswagen Caddy GNC 7 Plazas<\/strong><\/a><\/span><\/li>\n<li><span style=\"color: #3366ff;\"><a style=\"color: #3366ff;\" href=\"http:\/\/amt-taxi.com\/wp-content\/uploads\/2017\/02\/F.-Tecnica-Volkswagen-Caddy-GNC-5-Plazas.pdf\" target=\"_blank\" rel=\"noopener\"><strong>Volkswagen Caddy GNC 5 Plazas<\/strong><\/a><\/span><\/li>\n<li><span style=\"color: #3366ff;\"><a style=\"color: #3366ff;\" href=\"http:\/\/amt-taxi.com\/wp-content\/uploads\/2017\/02\/F.-Tecnica-Volkswagen-Caddy-Eurotaxi.pdf\"><strong>Volkswagen Caddy Eurotaxi<\/strong><\/a><\/span><\/li>\n<li><a href=\"http:\/\/amt-taxi.com\/wp-content\/uploads\/2020\/12\/Ficha-municipal-VOLKSWAGEN-KOMBI-septiembre-2019.pdf\" target=\"_blank\" rel=\"noopener\"><span style=\"color: #3366ff;\"><strong>Volkswagen Kombi Caravelle Eurotaxi<\/strong><\/span><\/a><\/li>\n<\/ul>\n","protected":false},"excerpt":{"rendered":"<p>Seleccione el modelo para poder consultar la ficha t\u00e9cnica municipal del veh\u00edculo selecciona Citro\u00ebn C-Elysee eco-glv Citroen e Berlingo Citroen eC4X Dacia Jogger 2022 Dacia&hellip;<\/p>\n","protected":false},"author":7,"featured_media":0,"parent":18,"menu_order":0,"comment_status":"closed","ping_status":"open","template":"","meta":{"footnotes":""},"class_list":["post-2368","page","type-page","status-publish","hentry"],"_links":{"self":[{"href":"http:\/\/amt-taxi.com\/index.php?rest_route=\/wp\/v2\/pages\/2368","targetHints":{"allow":["GET"]}}],"collection":[{"href":"http:\/\/amt-taxi.com\/index.php?rest_route=\/wp\/v2\/pages"}],"about":[{"href":"http:\/\/amt-taxi.com\/index.php?rest_route=\/wp\/v2\/types\/page"}],"author":[{"embeddable":true,"href":"http:\/\/amt-taxi.com\/index.php?rest_route=\/wp\/v2\/users\/7"}],"replies":[{"embeddable":true,"href":"http:\/\/amt-taxi.com\/index.php?rest_route=%2Fwp%2Fv2%2Fcomments&post=2368"}],"version-history":[{"count":110,"href":"http:\/\/amt-taxi.com\/index.php?rest_route=\/wp\/v2\/pages\/2368\/revisions"}],"predecessor-version":[{"id":3589,"href":"http:\/\/amt-taxi.com\/index.php?rest_route=\/wp\/v2\/pages\/2368\/revisions\/3589"}],"up":[{"embeddable":true,"href":"http:\/\/amt-taxi.com\/index.php?rest_route=\/wp\/v2\/pages\/18"}],"wp:attachment":[{"href":"http:\/\/amt-taxi.com\/index.php?rest_route=%2Fwp%2Fv2%2Fmedia&parent=2368"}],"curies":[{"name":"wp","href":"https:\/\/api.w.org\/{rel}","templated":true}]}}