{"id":6,"date":"2010-06-02T11:21:39","date_gmt":"2010-06-02T11:21:39","guid":{"rendered":"http:\/\/www.pilarbermejoarce.com\/aemt\/?page_id=2"},"modified":"2019-04-09T17:50:48","modified_gmt":"2019-04-09T16:50:48","slug":"acerca-de-2","status":"publish","type":"page","link":"http:\/\/amt-taxi.com\/?page_id=6","title":{"rendered":"Qui\u00e9nes somos"},"content":{"rendered":"<p><a href=\"http:\/\/s681506457.mialojamiento.es\/wp-content\/uploads\/2013\/03\/reuniones-efectivas.jpg\"><br \/>\n<img fetchpriority=\"high\" decoding=\"async\" class=\"alignright size-medium wp-image-1616\" src=\"http:\/\/s681506457.mialojamiento.es\/wp-content\/uploads\/2013\/03\/reuniones-efectivas-300x200.jpg\" alt=\"reuniones-efectivas\" width=\"300\" height=\"200\" srcset=\"http:\/\/amt-taxi.com\/wp-content\/uploads\/2013\/03\/reuniones-efectivas-300x200.jpg 300w, http:\/\/amt-taxi.com\/wp-content\/uploads\/2013\/03\/reuniones-efectivas.jpg 600w\" sizes=\"(max-width: 300px) 100vw, 300px\" \/><\/a><\/p>\n<p><span style=\"color: #ff0000;\">La Asociaci\u00f3n Madrile\u00f1a del Taxi, A.M.T,<\/span> es una apuesta firme que empez\u00f3 a postularse a partir del nuevo reglamento del a\u00f1o 2005 y surgi\u00f3 del embri\u00f3n de muchas personas que lucharon intensamente para la promulgaci\u00f3n de dicho reglamento.<\/p>\n<p>Esta asociaci\u00f3n tiene como fin dar un aire nuevo de ideas y propuestas a este sector. Tenemos una idea muy clara \u00a0de adaptaci\u00f3n a los nuevos tiempos, intentando dejar atr\u00e1s viejas ideas del antiguo reglamento del 1979.<\/p>\n<p>Pensamos que el futuro de nuestro sector son las peque\u00f1as empresas, partiendo de la idea de que un titular de una licencia, un titular con conductor, un titular con\u00a0aut\u00f3nomo\u00a0colaborador y un titular con mas de una licencia, entran a formar parte de nuestra raz\u00f3n de ser.<\/p>\n<p>Dado que a ra\u00edz del reglamento del 2005, muchos hemos sido los que hemos decidido apostar nuestro peque\u00f1o patrimonio a favor de lo que realmente conocemos que es el TAXI, creemos que todas estas personas, se merecen estar realmente representadas por alguien que les garantice que van a luchar por sus leg\u00edtimos intereses.<\/p>\n<p>Siendo este el motivo por el cual, hemos decidido invertir mucho de nuestro tiempo e ilusiones en la creaci\u00f3n de esta asociaci\u00f3n con la que esperamos encontrar un gran apoyo de los taxistas.<\/p>\n<p>Tenemos el atrevimiento de hacer ver que en este sector, todos podemos remar en la misma direcci\u00f3n, para poder conseguir un mejor futuro del sector del TAXI\u201d<\/p>\n<p>La actual Junta Directiva est\u00e1 compuesta por las siguientes personas:<\/p>\n<p><a href=\"http:\/\/s681506457.mialojamiento.es\/wp-content\/uploads\/2012\/12\/Felipe-Rodriguez-Baeza-pr.jpg\"><img decoding=\"async\" class=\"alignright size-medium wp-image-1353\" src=\"http:\/\/s681506457.mialojamiento.es\/wp-content\/uploads\/2012\/12\/Felipe-Rodriguez-Baeza-pr-248x300.jpg\" alt=\"Felipe Rodriguez Baeza pr\" width=\"248\" height=\"300\" srcset=\"http:\/\/amt-taxi.com\/wp-content\/uploads\/2012\/12\/Felipe-Rodriguez-Baeza-pr-248x300.jpg 248w, http:\/\/amt-taxi.com\/wp-content\/uploads\/2012\/12\/Felipe-Rodriguez-Baeza-pr.jpg 324w\" sizes=\"(max-width: 248px) 100vw, 248px\" \/><\/a><\/p>\n<ul>\n<li>Presidente: <strong>D. Felipe Rodr\u00edguez Baeza<\/strong><\/li>\n<li>Vicepresidente:<strong> D.\u00a0Rom\u00e1n Garc\u00eda Polvorinos<\/strong><\/li>\n<li>Secretario: <strong>D. Antonio Gonzalez Sanz<\/strong><\/li>\n<li>Tesorero: <strong>D. Jose A. Garcia Sanz<\/strong><\/li>\n<li>Vocal 1\u00ba: <strong>D. Enrique J. Gutierrez Sanchez<\/strong><\/li>\n<li>Vocal 2\u00ba:<strong> D\u00f1a. Maria Jesus Monta\u00f1o Ferrero<\/strong><\/li>\n<\/ul>\n","protected":false},"excerpt":{"rendered":"<p>La Asociaci\u00f3n Madrile\u00f1a del Taxi, A.M.T, es una apuesta firme que empez\u00f3 a postularse a partir del nuevo reglamento del a\u00f1o 2005 y surgi\u00f3 del&hellip;<\/p>\n","protected":false},"author":4,"featured_media":0,"parent":0,"menu_order":1,"comment_status":"closed","ping_status":"closed","template":"page-templates\/full-width.php","meta":{"footnotes":""},"class_list":["post-6","page","type-page","status-publish","hentry"],"_links":{"self":[{"href":"http:\/\/amt-taxi.com\/index.php?rest_route=\/wp\/v2\/pages\/6","targetHints":{"allow":["GET"]}}],"collection":[{"href":"http:\/\/amt-taxi.com\/index.php?rest_route=\/wp\/v2\/pages"}],"about":[{"href":"http:\/\/amt-taxi.com\/index.php?rest_route=\/wp\/v2\/types\/page"}],"author":[{"embeddable":true,"href":"http:\/\/amt-taxi.com\/index.php?rest_route=\/wp\/v2\/users\/4"}],"replies":[{"embeddable":true,"href":"http:\/\/amt-taxi.com\/index.php?rest_route=%2Fwp%2Fv2%2Fcomments&post=6"}],"version-history":[{"count":28,"href":"http:\/\/amt-taxi.com\/index.php?rest_route=\/wp\/v2\/pages\/6\/revisions"}],"predecessor-version":[{"id":2960,"href":"http:\/\/amt-taxi.com\/index.php?rest_route=\/wp\/v2\/pages\/6\/revisions\/2960"}],"wp:attachment":[{"href":"http:\/\/amt-taxi.com\/index.php?rest_route=%2Fwp%2Fv2%2Fmedia&parent=6"}],"curies":[{"name":"wp","href":"https:\/\/api.w.org\/{rel}","templated":true}]}}